{"id":337,"date":"2024-08-26T15:40:39","date_gmt":"2024-08-26T15:40:39","guid":{"rendered":"https:\/\/wisniowygaj.pl\/?page_id=337"},"modified":"2024-09-19T11:05:33","modified_gmt":"2024-09-19T11:05:33","slug":"zagroda-edukacyjna","status":"publish","type":"page","link":"https:\/\/wisniowygaj.pl\/index.php\/zagroda-edukacyjna\/","title":{"rendered":"ZAGRODA EDUKACYJNA"},"content":{"rendered":"<p>[et_pb_section fb_built=&#8221;1&#8243; _builder_version=&#8221;4.27.0&#8243; _module_preset=&#8221;default&#8221; background_color=&#8221;rgba(107,59,14,0.11)&#8221; global_colors_info=&#8221;{}&#8221;][et_pb_row column_structure=&#8221;1_2,1_2&#8243; use_custom_gutter=&#8221;on&#8221; gutter_width=&#8221;4&#8243; make_equal=&#8221;on&#8221; _builder_version=&#8221;4.27.0&#8243; _module_preset=&#8221;default&#8221; background_enable_color=&#8221;off&#8221; width=&#8221;100%&#8221; global_colors_info=&#8221;{}&#8221;][et_pb_column type=&#8221;1_2&#8243; _builder_version=&#8221;4.27.0&#8243; _module_preset=&#8221;default&#8221; global_colors_info=&#8221;{}&#8221;][et_pb_text _builder_version=&#8221;4.27.0&#8243; _module_preset=&#8221;default&#8221; text_font=&#8221;Arbutus Slab||||||||&#8221; text_text_color=&#8221;#6b260e&#8221; text_font_size=&#8221;34px&#8221; text_line_height=&#8221;1.8em&#8221; custom_margin=&#8221;||-3px|||&#8221; global_colors_info=&#8221;{}&#8221;]<\/p>\n<p style=\"text-align: center;\">Wi\u015bniowy Gaj<\/p>\n<p>[\/et_pb_text][et_pb_text _builder_version=&#8221;4.27.0&#8243; _module_preset=&#8221;default&#8221; text_font=&#8221;Arbutus Slab||||||||&#8221; text_text_color=&#8221;#6b260e&#8221; text_font_size=&#8221;18px&#8221; text_line_height=&#8221;1.8em&#8221; custom_margin=&#8221;||-3px|||&#8221; global_colors_info=&#8221;{}&#8221;]<\/p>\n<p style=\"text-align: center;\">Nasza Zagroda Edukacyjna to miejsce stworzone na niezapomnian\u0105 wycieczk\u0119 dla dzieci na wie\u015b. Zaj\u0119cia edukacyjne \u0142\u0105czymy z zabaw\u0105 co pozwala <span style=\"color: #000000;\">aktywnie i ciekawie sp\u0119dzi\u0107 czas na \u015bwie\u017cym powietrzu. <\/span>W ciekawy spos\u00f3b przybli\u017camy polska wie\u015b, jej tradycje i \u017cycie zgodne z rytmem natury.<\/p>\n<p>[\/et_pb_text][\/et_pb_column][et_pb_column type=&#8221;1_2&#8243; _builder_version=&#8221;4.27.0&#8243; _module_preset=&#8221;default&#8221; global_colors_info=&#8221;{}&#8221;][et_pb_text _builder_version=&#8221;4.27.0&#8243; _module_preset=&#8221;default&#8221; text_font=&#8221;Arbutus Slab||||||||&#8221; text_text_color=&#8221;#6b260e&#8221; text_font_size=&#8221;34px&#8221; text_line_height=&#8221;1.8em&#8221; custom_margin=&#8221;||-3px|||&#8221; global_colors_info=&#8221;{}&#8221;]<\/p>\n<p style=\"text-align: center;\"><img loading=\"lazy\" decoding=\"async\" src=\"https:\/\/wisniowygaj.pl\/wp-content\/uploads\/2024\/08\/zagroda_edukacyjna.png\" width=\"139\" height=\"140\" alt=\"\" class=\"wp-image-341 alignnone size-full\" \/><\/p>\n<p style=\"text-align: center;\">Zagroda Edukacyjna<\/p>\n<p>[\/et_pb_text][\/et_pb_column][\/et_pb_row][\/et_pb_section][et_pb_section fb_built=&#8221;1&#8243; theme_builder_area=&#8221;post_content&#8221; _builder_version=&#8221;4.27.0&#8243; _module_preset=&#8221;default&#8221; custom_padding=&#8221;3px||1px|||&#8221;][et_pb_row _builder_version=&#8221;4.27.0&#8243; _module_preset=&#8221;default&#8221; theme_builder_area=&#8221;post_content&#8221; custom_padding=&#8221;||10px|||&#8221;][et_pb_column _builder_version=&#8221;4.27.0&#8243; _module_preset=&#8221;default&#8221; type=&#8221;4_4&#8243; theme_builder_area=&#8221;post_content&#8221;][et_pb_text _builder_version=&#8221;4.27.0&#8243; _module_preset=&#8221;default&#8221; text_font=&#8221;Arbutus Slab||||||||&#8221; text_text_color=&#8221;#6b260e&#8221; text_font_size=&#8221;34px&#8221; text_line_height=&#8221;1.8em&#8221; global_colors_info=&#8221;{}&#8221; theme_builder_area=&#8221;post_content&#8221;]<\/p>\n<p style=\"text-align: center;\">Zobacz jak u nas pi\u0119knie:<\/p>\n<p>[\/et_pb_text][\/et_pb_column][\/et_pb_row][\/et_pb_section][et_pb_section fb_built=&#8221;1&#8243; _builder_version=&#8221;4.27.0&#8243; _module_preset=&#8221;default&#8221; custom_padding=&#8221;3px||1px|||&#8221; global_colors_info=&#8221;{}&#8221;][et_pb_row _builder_version=&#8221;4.27.0&#8243; _module_preset=&#8221;default&#8221; global_colors_info=&#8221;{}&#8221; column_structure=&#8221;1_4,1_4,1_4,1_4&#8243;][et_pb_column type=&#8221;1_4&#8243; _builder_version=&#8221;4.27.0&#8243; _module_preset=&#8221;default&#8221; global_colors_info=&#8221;{}&#8221;][et_pb_image src=&#8221;https:\/\/wisniowygaj.pl\/wp-content\/uploads\/2024\/09\/DSC_0119x.jpg&#8221; _builder_version=&#8221;4.27.0&#8243; _module_preset=&#8221;default&#8221; title_text=&#8221;DSC_0119x&#8221; hover_enabled=&#8221;0&#8243; sticky_enabled=&#8221;0&#8243;][\/et_pb_image][\/et_pb_column][et_pb_column type=&#8221;1_4&#8243; _builder_version=&#8221;4.27.0&#8243; _module_preset=&#8221;default&#8221; global_colors_info=&#8221;{}&#8221;][et_pb_image src=&#8221;https:\/\/wisniowygaj.pl\/wp-content\/uploads\/2024\/09\/DSC_0177x.jpg&#8221; _builder_version=&#8221;4.27.0&#8243; _module_preset=&#8221;default&#8221; title_text=&#8221;DSC_0177x&#8221; hover_enabled=&#8221;0&#8243; sticky_enabled=&#8221;0&#8243;][\/et_pb_image][\/et_pb_column][et_pb_column type=&#8221;1_4&#8243; _builder_version=&#8221;4.27.0&#8243; _module_preset=&#8221;default&#8221; global_colors_info=&#8221;{}&#8221;][et_pb_image src=&#8221;https:\/\/wisniowygaj.pl\/wp-content\/uploads\/2024\/09\/DSC_0183x.jpg&#8221; _builder_version=&#8221;4.27.0&#8243; _module_preset=&#8221;default&#8221; title_text=&#8221;DSC_0183x&#8221; hover_enabled=&#8221;0&#8243; sticky_enabled=&#8221;0&#8243;][\/et_pb_image][\/et_pb_column][et_pb_column type=&#8221;1_4&#8243; _builder_version=&#8221;4.27.0&#8243; _module_preset=&#8221;default&#8221; global_colors_info=&#8221;{}&#8221;][et_pb_image src=&#8221;https:\/\/wisniowygaj.pl\/wp-content\/uploads\/2024\/09\/DSC_0297x.jpg&#8221; _builder_version=&#8221;4.27.0&#8243; _module_preset=&#8221;default&#8221; title_text=&#8221;DSC_0297x&#8221; hover_enabled=&#8221;0&#8243; sticky_enabled=&#8221;0&#8243;][\/et_pb_image][\/et_pb_column][\/et_pb_row][et_pb_row _builder_version=&#8221;4.27.0&#8243; _module_preset=&#8221;default&#8221; global_colors_info=&#8221;{}&#8221; column_structure=&#8221;1_4,1_4,1_4,1_4&#8243;][et_pb_column type=&#8221;1_4&#8243; _builder_version=&#8221;4.27.0&#8243; _module_preset=&#8221;default&#8221; global_colors_info=&#8221;{}&#8221;][et_pb_image src=&#8221;https:\/\/wisniowygaj.pl\/wp-content\/uploads\/2024\/09\/DSC_0402x.jpg&#8221; _builder_version=&#8221;4.27.0&#8243; _module_preset=&#8221;default&#8221; title_text=&#8221;DSC_0402x&#8221; hover_enabled=&#8221;0&#8243; sticky_enabled=&#8221;0&#8243;][\/et_pb_image][\/et_pb_column][et_pb_column type=&#8221;1_4&#8243; _builder_version=&#8221;4.27.0&#8243; _module_preset=&#8221;default&#8221; global_colors_info=&#8221;{}&#8221;][et_pb_image src=&#8221;https:\/\/wisniowygaj.pl\/wp-content\/uploads\/2024\/09\/DSC_0983-1.jpg&#8221; _builder_version=&#8221;4.27.0&#8243; _module_preset=&#8221;default&#8221; title_text=&#8221;DSC_0983-(1)&#8221; hover_enabled=&#8221;0&#8243; sticky_enabled=&#8221;0&#8243;][\/et_pb_image][\/et_pb_column][et_pb_column type=&#8221;1_4&#8243; _builder_version=&#8221;4.27.0&#8243; _module_preset=&#8221;default&#8221; global_colors_info=&#8221;{}&#8221;][et_pb_image src=&#8221;https:\/\/wisniowygaj.pl\/wp-content\/uploads\/2024\/09\/DSC_0989.jpg&#8221; _builder_version=&#8221;4.27.0&#8243; _module_preset=&#8221;default&#8221; title_text=&#8221;DSC_0989&#8243; hover_enabled=&#8221;0&#8243; sticky_enabled=&#8221;0&#8243;][\/et_pb_image][\/et_pb_column][et_pb_column type=&#8221;1_4&#8243; _builder_version=&#8221;4.27.0&#8243; _module_preset=&#8221;default&#8221; global_colors_info=&#8221;{}&#8221;][et_pb_image src=&#8221;https:\/\/wisniowygaj.pl\/wp-content\/uploads\/2024\/09\/DSC_1269.jpg&#8221; _builder_version=&#8221;4.27.0&#8243; _module_preset=&#8221;default&#8221; title_text=&#8221;DSC_1269&#8243; hover_enabled=&#8221;0&#8243; sticky_enabled=&#8221;0&#8243;][\/et_pb_image][\/et_pb_column][\/et_pb_row][\/et_pb_section][et_pb_section fb_built=&#8221;1&#8243; _builder_version=&#8221;4.27.0&#8243; _module_preset=&#8221;default&#8221; background_color=&#8221;#FFFFFF&#8221; background_enable_image=&#8221;off&#8221; custom_padding=&#8221;0px|||||&#8221; global_colors_info=&#8221;{}&#8221;][et_pb_row _builder_version=&#8221;4.22.1&#8243; _module_preset=&#8221;default&#8221; custom_padding=&#8221;9px||1px|||&#8221; global_colors_info=&#8221;{}&#8221;][et_pb_column type=&#8221;4_4&#8243; _builder_version=&#8221;4.22.1&#8243; _module_preset=&#8221;default&#8221; global_colors_info=&#8221;{}&#8221;][et_pb_image src=&#8221;https:\/\/wisniowygaj.pl\/wp-content\/uploads\/2024\/09\/1.png&#8221; title_text=&#8221;1&#8243; disabled_on=&#8221;on|on|off&#8221; _builder_version=&#8221;4.27.0&#8243; _module_preset=&#8221;default&#8221; transform_scale=&#8221;38%|38%&#8221; custom_margin=&#8221;||0px|||&#8221; global_colors_info=&#8221;{}&#8221;][\/et_pb_image][et_pb_image src=&#8221;https:\/\/wisniowygaj.pl\/wp-content\/uploads\/2024\/09\/1.png&#8221; title_text=&#8221;1&#8243; disabled_on=&#8221;off|off|on&#8221; _builder_version=&#8221;4.27.0&#8243; _module_preset=&#8221;default&#8221; transform_scale=&#8221;82%|82%&#8221; custom_margin=&#8221;||0px|||&#8221; custom_padding=&#8221;||21px|||&#8221; global_colors_info=&#8221;{}&#8221;][\/et_pb_image][et_pb_text _builder_version=&#8221;4.27.0&#8243; _module_preset=&#8221;default&#8221; text_font=&#8221;Arbutus Slab||||||||&#8221; text_text_color=&#8221;#6b260e&#8221; text_font_size=&#8221;17px&#8221; custom_margin=&#8221;||2px|||&#8221; global_colors_info=&#8221;{}&#8221;]<\/p>\n<p style=\"text-align: center;\">\n<p style=\"text-align: center;\">Oferta przygotowanych przez nas zaj\u0119\u0107 skierowana jest przede wszystkim do dzieci przedszkolnych oraz szkolnych, w praktyczny spos\u00f3b zapoznajemy dzieci z takimi poj\u0119ciami jak: \u015brodowisko, ekologia, \u017cywno\u015b\u0107, uprawa i przetw\u00f3rstwo ro\u015blin. Kontakt z naszymi zwierz\u0119tami daje du\u017co rado\u015bci i spokoju.<\/p>\n<p style=\"text-align: center;\">Nasze programy to:<\/p>\n<p style=\"text-align: center;\">\n<p>[\/et_pb_text][\/et_pb_column][\/et_pb_row][et_pb_row column_structure=&#8221;1_2,1_2&#8243; _builder_version=&#8221;4.22.1&#8243; _module_preset=&#8221;default&#8221; custom_padding=&#8221;9px||1px|||&#8221; global_colors_info=&#8221;{}&#8221;][et_pb_column type=&#8221;1_2&#8243; _builder_version=&#8221;4.22.1&#8243; _module_preset=&#8221;default&#8221; global_colors_info=&#8221;{}&#8221;][et_pb_text _builder_version=&#8221;4.27.0&#8243; _module_preset=&#8221;default&#8221; text_font=&#8221;Arbutus Slab||||||||&#8221; text_text_color=&#8221;#6b260e&#8221; text_font_size=&#8221;17px&#8221; custom_margin=&#8221;||2px|||&#8221; custom_padding=&#8221;||0px|||&#8221; global_colors_info=&#8221;{}&#8221;]<\/p>\n<p style=\"text-align: center;\">\u201eJak trawa sta\u0142o si\u0119 zbo\u017cem\u201d<\/p>\n<p style=\"text-align: center;\">\u201eFenomen ciasta dro\u017cd\u017cowego i chleba\u201d<\/p>\n<p style=\"text-align: center;\">\u201eSk\u0105d si\u0119 bierze mleko i jak si\u0119 robi ser\u201d<\/p>\n<p style=\"text-align: center;\">\u201eCo mo\u017cna zrobi\u0107 z owoc\u00f3w?\u201d<\/p>\n<p style=\"text-align: center;\">\u201eDlaczego kura znosi jajka?\u201d<\/p>\n<p style=\"text-align: center;\">[\/et_pb_text][\/et_pb_column][et_pb_column type=&#8221;1_2&#8243; _builder_version=&#8221;4.22.1&#8243; _module_preset=&#8221;default&#8221; global_colors_info=&#8221;{}&#8221;][et_pb_text _builder_version=&#8221;4.27.0&#8243; _module_preset=&#8221;default&#8221; text_font=&#8221;Arbutus Slab||||||||&#8221; text_text_color=&#8221;#6b260e&#8221; text_font_size=&#8221;17px&#8221; custom_margin=&#8221;||2px|||&#8221; global_colors_info=&#8221;{}&#8221;]<\/p>\n<p style=\"text-align: center;\">\n<p style=\"text-align: center;\">\u201eRobimy pizz\u0119 i podp\u0142omyki\u201d<\/p>\n<p style=\"text-align: center;\">\u201eWszystko o ziemniaku\u201d<\/p>\n<p style=\"text-align: center;\">\u201eEdukacja kulinarno-\u017cywieniowa\u201d<\/p>\n<p style=\"text-align: center;\">\u201eZima na wsi, opowie\u015bci przy ognisku\u201d<\/p>\n<p style=\"text-align: center;\">\u201eWycieczki z pilota\u017cem\u201d<\/p>\n<p>[\/et_pb_text][\/et_pb_column][\/et_pb_row][et_pb_row _builder_version=&#8221;4.22.1&#8243; _module_preset=&#8221;default&#8221; global_colors_info=&#8221;{}&#8221;][et_pb_column type=&#8221;4_4&#8243; _builder_version=&#8221;4.22.1&#8243; _module_preset=&#8221;default&#8221; global_colors_info=&#8221;{}&#8221;][et_pb_image src=&#8221;https:\/\/wisniowygaj.pl\/wp-content\/uploads\/2024\/08\/wisniowy-gaj-wisnie.png&#8221; title_text=&#8221;wisniowy gaj wisnie&#8221; align=&#8221;center&#8221; _builder_version=&#8221;4.22.1&#8243; _module_preset=&#8221;default&#8221; custom_margin=&#8221;||4px|||&#8221; global_colors_info=&#8221;{}&#8221;][\/et_pb_image][et_pb_text _builder_version=&#8221;4.27.0&#8243; _module_preset=&#8221;default&#8221; text_font=&#8221;Arbutus Slab||||||||&#8221; text_text_color=&#8221;#6b260e&#8221; text_font_size=&#8221;34px&#8221; text_line_height=&#8221;1.8em&#8221; global_colors_info=&#8221;{}&#8221;]<\/p>\n<p style=\"text-align: center;\">Oferta:<\/p>\n<p>[\/et_pb_text][et_pb_code _builder_version=&#8221;4.22.1&#8243; _module_preset=&#8221;default&#8221; global_colors_info=&#8221;{}&#8221;]<div class=\"_df_book df-lite\" id=\"df_344\"  _slug=\"344\" data-title=\"\" wpoptions=\"true\" thumb=\"https:\/\/wisniowygaj.pl\/wp-content\/uploads\/2024\/08\/Program-z-pilotazem.png\" thumbtype=\"\" ><\/div><script class=\"df-shortcode-script\" nowprocket type=\"application\/javascript\">window.option_df_344 = {\"outline\":[],\"autoEnableOutline\":\"false\",\"autoEnableThumbnail\":\"false\",\"overwritePDFOutline\":\"false\",\"direction\":\"1\",\"pageSize\":\"0\",\"source\":[\"https:\\\/\\\/wisniowygaj.pl\\\/wp-content\\\/uploads\\\/2024\\\/08\\\/Program-z-pilotazem.png\",\"https:\\\/\\\/wisniowygaj.pl\\\/wp-content\\\/uploads\\\/2024\\\/08\\\/Kolorowa-jesien.png\",\"https:\\\/\\\/wisniowygaj.pl\\\/wp-content\\\/uploads\\\/2024\\\/08\\\/Program-PIZZA.png\",\"https:\\\/\\\/wisniowygaj.pl\\\/wp-content\\\/uploads\\\/2024\\\/08\\\/Program-2.png\",\"https:\\\/\\\/wisniowygaj.pl\\\/wp-content\\\/uploads\\\/2024\\\/08\\\/Program-1.png\"],\"wpOptions\":\"true\",\"links\":[[],[],[],[],[],[]]}; if(window.DFLIP && window.DFLIP.parseBooks){window.DFLIP.parseBooks();}<\/script>[\/et_pb_code][\/et_pb_column][\/et_pb_row][\/et_pb_section]<\/p>\n","protected":false},"excerpt":{"rendered":"<p>Wi\u015bniowy GajNasza Zagroda Edukacyjna to miejsce stworzone na niezapomnian\u0105 wycieczk\u0119 dla dzieci na wie\u015b. Zaj\u0119cia edukacyjne \u0142\u0105czymy z zabaw\u0105 co pozwala aktywnie i ciekawie sp\u0119dzi\u0107 czas na \u015bwie\u017cym powietrzu. W ciekawy spos\u00f3b przybli\u017camy polska wie\u015b, jej tradycje i \u017cycie zgodne z rytmem natury. Zagroda EdukacyjnaZobacz jak u nas pi\u0119knie: Oferta przygotowanych przez nas zaj\u0119\u0107 skierowana [&hellip;]<\/p>\n","protected":false},"author":1,"featured_media":0,"parent":0,"menu_order":0,"comment_status":"closed","ping_status":"closed","template":"","meta":{"_et_pb_use_builder":"on","_et_pb_old_content":"","_et_gb_content_width":"","footnotes":""},"class_list":["post-337","page","type-page","status-publish","hentry"],"_links":{"self":[{"href":"https:\/\/wisniowygaj.pl\/index.php\/wp-json\/wp\/v2\/pages\/337","targetHints":{"allow":["GET"]}}],"collection":[{"href":"https:\/\/wisniowygaj.pl\/index.php\/wp-json\/wp\/v2\/pages"}],"about":[{"href":"https:\/\/wisniowygaj.pl\/index.php\/wp-json\/wp\/v2\/types\/page"}],"author":[{"embeddable":true,"href":"https:\/\/wisniowygaj.pl\/index.php\/wp-json\/wp\/v2\/users\/1"}],"replies":[{"embeddable":true,"href":"https:\/\/wisniowygaj.pl\/index.php\/wp-json\/wp\/v2\/comments?post=337"}],"version-history":[{"count":20,"href":"https:\/\/wisniowygaj.pl\/index.php\/wp-json\/wp\/v2\/pages\/337\/revisions"}],"predecessor-version":[{"id":612,"href":"https:\/\/wisniowygaj.pl\/index.php\/wp-json\/wp\/v2\/pages\/337\/revisions\/612"}],"wp:attachment":[{"href":"https:\/\/wisniowygaj.pl\/index.php\/wp-json\/wp\/v2\/media?parent=337"}],"curies":[{"name":"wp","href":"https:\/\/api.w.org\/{rel}","templated":true}]}}