{"id":327,"date":"2024-08-26T15:30:55","date_gmt":"2024-08-26T15:30:55","guid":{"rendered":"https:\/\/wisniowygaj.pl\/?page_id=327"},"modified":"2024-09-19T08:59:50","modified_gmt":"2024-09-19T08:59:50","slug":"cennik","status":"publish","type":"page","link":"https:\/\/wisniowygaj.pl\/index.php\/cennik\/","title":{"rendered":"CENNIK"},"content":{"rendered":"<p>[et_pb_section fb_built=&#8221;1&#8243; _builder_version=&#8221;4.22.1&#8243; _module_preset=&#8221;default&#8221; custom_padding=&#8221;0px||0px|||&#8221; global_colors_info=&#8221;{}&#8221;][et_pb_row _builder_version=&#8221;4.22.1&#8243; _module_preset=&#8221;default&#8221; custom_padding=&#8221;0px|||||&#8221; global_colors_info=&#8221;{}&#8221;][et_pb_column type=&#8221;4_4&#8243; _builder_version=&#8221;4.22.1&#8243; _module_preset=&#8221;default&#8221; global_colors_info=&#8221;{}&#8221;][et_pb_image src=&#8221;https:\/\/wisniowygaj.pl\/wp-content\/uploads\/2024\/08\/wisniowy-gaj-wisnie.png&#8221; title_text=&#8221;wisniowy gaj wisnie&#8221; align=&#8221;center&#8221; _builder_version=&#8221;4.22.1&#8243; _module_preset=&#8221;default&#8221; global_colors_info=&#8221;{}&#8221;][\/et_pb_image][\/et_pb_column][\/et_pb_row][et_pb_row _builder_version=&#8221;4.22.1&#8243; _module_preset=&#8221;default&#8221; border_radii=&#8221;on|31px|31px|31px|31px&#8221; border_width_all=&#8221;1px&#8221; global_colors_info=&#8221;{}&#8221;][et_pb_column type=&#8221;4_4&#8243; _builder_version=&#8221;4.22.1&#8243; _module_preset=&#8221;default&#8221; global_colors_info=&#8221;{}&#8221;][et_pb_text _builder_version=&#8221;4.22.1&#8243; _module_preset=&#8221;default&#8221; text_font=&#8221;Arbutus Slab||||||||&#8221; text_text_color=&#8221;#6b260e&#8221; text_font_size=&#8221;24px&#8221; global_colors_info=&#8221;{}&#8221;]<\/p>\n<p style=\"text-align: center;\"><strong><b>ZAKWATEROWANIE:<\/b><\/strong><\/p>\n<p>[\/et_pb_text][\/et_pb_column][\/et_pb_row][et_pb_row _builder_version=&#8221;4.22.1&#8243; _module_preset=&#8221;default&#8221; global_colors_info=&#8221;{}&#8221;][et_pb_column type=&#8221;4_4&#8243; _builder_version=&#8221;4.22.1&#8243; _module_preset=&#8221;default&#8221; global_colors_info=&#8221;{}&#8221;][et_pb_text _builder_version=&#8221;4.22.1&#8243; _module_preset=&#8221;default&#8221; text_font=&#8221;Arbutus Slab||||||||&#8221; text_text_color=&#8221;#6b260e&#8221; text_font_size=&#8221;24px&#8221; text_line_height=&#8221;1.8em&#8221; global_colors_info=&#8221;{}&#8221;]<\/p>\n<p style=\"text-align: center;\">Osoby doros\u0142e: 80z\u0142<\/p>\n<p style=\"text-align: center;\">Dzieci:<\/p>\n<p style=\"text-align: center;\">do 2 lat: 20 z\u0142\u00a0<br \/>od 2 &#8211; 5\u00a0\u00a0lat: 40z\u0142<br \/>od 6 &#8211; 10 lat: 60z\u0142<\/p>\n<p>[\/et_pb_text][\/et_pb_column][\/et_pb_row][et_pb_row _builder_version=&#8221;4.22.1&#8243; _module_preset=&#8221;default&#8221; custom_padding=&#8221;0px||1px|||&#8221; global_colors_info=&#8221;{}&#8221;][et_pb_column type=&#8221;4_4&#8243; _builder_version=&#8221;4.22.1&#8243; _module_preset=&#8221;default&#8221; global_colors_info=&#8221;{}&#8221;][et_pb_image src=&#8221;https:\/\/wisniowygaj.pl\/wp-content\/uploads\/2024\/08\/wisniowy-gaj-wisnie.png&#8221; title_text=&#8221;wisniowy gaj wisnie&#8221; align=&#8221;center&#8221; _builder_version=&#8221;4.22.1&#8243; _module_preset=&#8221;default&#8221; custom_padding=&#8221;0px|||||&#8221; global_colors_info=&#8221;{}&#8221;][\/et_pb_image][\/et_pb_column][\/et_pb_row][\/et_pb_section][et_pb_section fb_built=&#8221;1&#8243; _builder_version=&#8221;4.22.1&#8243; _module_preset=&#8221;default&#8221; custom_padding=&#8221;16px||3px|||&#8221; global_colors_info=&#8221;{}&#8221;][et_pb_row _builder_version=&#8221;4.22.1&#8243; _module_preset=&#8221;default&#8221; border_radii=&#8221;on|31px|31px|31px|31px&#8221; border_width_all=&#8221;1px&#8221; global_colors_info=&#8221;{}&#8221;][et_pb_column type=&#8221;4_4&#8243; _builder_version=&#8221;4.22.1&#8243; _module_preset=&#8221;default&#8221; global_colors_info=&#8221;{}&#8221;][et_pb_text _builder_version=&#8221;4.22.1&#8243; _module_preset=&#8221;default&#8221; text_font=&#8221;Arbutus Slab||||||||&#8221; text_text_color=&#8221;#6b260e&#8221; text_font_size=&#8221;24px&#8221; global_colors_info=&#8221;{}&#8221;]<\/p>\n<p style=\"text-align: center;\"><strong><b>WY\u017bYWIENIE:<\/b><\/strong><\/p>\n<p>[\/et_pb_text][\/et_pb_column][\/et_pb_row][et_pb_row _builder_version=&#8221;4.22.1&#8243; _module_preset=&#8221;default&#8221; global_colors_info=&#8221;{}&#8221;][et_pb_column type=&#8221;4_4&#8243; _builder_version=&#8221;4.22.1&#8243; _module_preset=&#8221;default&#8221; global_colors_info=&#8221;{}&#8221;][et_pb_text _builder_version=&#8221;4.22.1&#8243; _module_preset=&#8221;default&#8221; text_font=&#8221;Arbutus Slab||||||||&#8221; text_text_color=&#8221;#6b260e&#8221; text_font_size=&#8221;24px&#8221; text_line_height=&#8221;1.8em&#8221; global_colors_info=&#8221;{}&#8221;]<\/p>\n<p style=\"text-align: center;\">\u015aniadanie: 30z\u0142<\/p>\n<p style=\"text-align: center;\">Obiadokolacja: 35z\u0142<\/p>\n<p style=\"text-align: center;\">Dzieci maj\u0105 rabat stosunkowo do wieku.\u00a0<\/p>\n<p style=\"text-align: center;\">\n<p>[\/et_pb_text][\/et_pb_column][\/et_pb_row][et_pb_row _builder_version=&#8221;4.22.1&#8243; _module_preset=&#8221;default&#8221; custom_padding=&#8221;2px||2px|||&#8221; global_colors_info=&#8221;{}&#8221;][et_pb_column type=&#8221;4_4&#8243; _builder_version=&#8221;4.22.1&#8243; _module_preset=&#8221;default&#8221; global_colors_info=&#8221;{}&#8221;][et_pb_image src=&#8221;https:\/\/wisniowygaj.pl\/wp-content\/uploads\/2024\/08\/wisniowy-gaj-wisnie.png&#8221; title_text=&#8221;wisniowy gaj wisnie&#8221; align=&#8221;center&#8221; _builder_version=&#8221;4.22.1&#8243; _module_preset=&#8221;default&#8221; global_colors_info=&#8221;{}&#8221;][\/et_pb_image][\/et_pb_column][\/et_pb_row][\/et_pb_section][et_pb_section fb_built=&#8221;1&#8243; _builder_version=&#8221;4.22.1&#8243; _module_preset=&#8221;default&#8221; custom_padding=&#8221;16px||0px|||&#8221; global_colors_info=&#8221;{}&#8221;][et_pb_row _builder_version=&#8221;4.22.1&#8243; _module_preset=&#8221;default&#8221; border_radii=&#8221;on|31px|31px|31px|31px&#8221; border_width_all=&#8221;1px&#8221; global_colors_info=&#8221;{}&#8221;][et_pb_column type=&#8221;4_4&#8243; _builder_version=&#8221;4.22.1&#8243; _module_preset=&#8221;default&#8221; global_colors_info=&#8221;{}&#8221;][et_pb_text _builder_version=&#8221;4.22.1&#8243; _module_preset=&#8221;default&#8221; text_font=&#8221;Arbutus Slab||||||||&#8221; text_text_color=&#8221;#6b260e&#8221; text_font_size=&#8221;24px&#8221; global_colors_info=&#8221;{}&#8221;]<\/p>\n<p style=\"text-align: center;\"><strong><b>PROGRAMY EDUKACYJNE:<\/b><\/strong><\/p>\n<p>[\/et_pb_text][\/et_pb_column][\/et_pb_row][et_pb_row _builder_version=&#8221;4.22.1&#8243; _module_preset=&#8221;default&#8221; custom_padding=&#8221;||0px|||&#8221; global_colors_info=&#8221;{}&#8221;][et_pb_column type=&#8221;4_4&#8243; _builder_version=&#8221;4.22.1&#8243; _module_preset=&#8221;default&#8221; global_colors_info=&#8221;{}&#8221;][et_pb_text _builder_version=&#8221;4.22.1&#8243; _module_preset=&#8221;default&#8221; text_font=&#8221;Arbutus Slab||||||||&#8221; text_text_color=&#8221;#6b260e&#8221; text_font_size=&#8221;24px&#8221; text_line_height=&#8221;1.8em&#8221; custom_padding=&#8221;||0px|||&#8221; global_colors_info=&#8221;{}&#8221;]<\/p>\n<p style=\"text-align: center;\">Od 70\u00a0z\u0142\u00a0do 90\u00a0z\u0142 w zale\u017cno\u015bci od:<\/p>\n<p style=\"text-align: center;\">&#8211; liczby posi\u0142k\u00f3w<\/p>\n<p style=\"text-align: center;\">&#8211; ilo\u015bci program\u00f3w<\/p>\n<p style=\"text-align: center;\">&#8211; czasu pobytu grupy<\/p>\n<p style=\"text-align: center;\">&#8211; pilotowania grupy<\/p>\n<p style=\"text-align: center;\">[\/et_pb_text][\/et_pb_column][\/et_pb_row][et_pb_row _builder_version=&#8221;4.22.1&#8243; _module_preset=&#8221;default&#8221; custom_padding=&#8221;2px||2px|||&#8221; global_colors_info=&#8221;{}&#8221;][et_pb_column type=&#8221;4_4&#8243; _builder_version=&#8221;4.22.1&#8243; _module_preset=&#8221;default&#8221; global_colors_info=&#8221;{}&#8221;][et_pb_image src=&#8221;https:\/\/wisniowygaj.pl\/wp-content\/uploads\/2024\/08\/wisniowy-gaj-wisnie.png&#8221; title_text=&#8221;wisniowy gaj wisnie&#8221; align=&#8221;center&#8221; _builder_version=&#8221;4.22.1&#8243; _module_preset=&#8221;default&#8221; global_colors_info=&#8221;{}&#8221;][\/et_pb_image][\/et_pb_column][\/et_pb_row][\/et_pb_section][et_pb_section fb_built=&#8221;1&#8243; _builder_version=&#8221;4.22.1&#8243; _module_preset=&#8221;default&#8221; custom_padding=&#8221;16px||3px|||&#8221; global_colors_info=&#8221;{}&#8221;][et_pb_row _builder_version=&#8221;4.22.1&#8243; _module_preset=&#8221;default&#8221; border_radii=&#8221;on|31px|31px|31px|31px&#8221; border_width_all=&#8221;1px&#8221; global_colors_info=&#8221;{}&#8221;][et_pb_column type=&#8221;4_4&#8243; _builder_version=&#8221;4.22.1&#8243; _module_preset=&#8221;default&#8221; global_colors_info=&#8221;{}&#8221;][et_pb_text _builder_version=&#8221;4.27.0&#8243; _module_preset=&#8221;default&#8221; text_font=&#8221;Arbutus Slab||||||||&#8221; text_text_color=&#8221;#6b260e&#8221; text_font_size=&#8221;24px&#8221; hover_enabled=&#8221;0&#8243; global_colors_info=&#8221;{}&#8221; sticky_enabled=&#8221;0&#8243;]<\/p>\n<p style=\"text-align: center;\"><strong><b>WYNAJEM ALTANY NA IMPREZY I SZKOLENIA:<\/b><\/strong><\/p>\n<p>[\/et_pb_text][\/et_pb_column][\/et_pb_row][et_pb_row _builder_version=&#8221;4.22.1&#8243; _module_preset=&#8221;default&#8221; custom_padding=&#8221;||0px|||&#8221; global_colors_info=&#8221;{}&#8221;][et_pb_column type=&#8221;4_4&#8243; _builder_version=&#8221;4.22.1&#8243; _module_preset=&#8221;default&#8221; global_colors_info=&#8221;{}&#8221;][et_pb_text _builder_version=&#8221;4.27.0&#8243; _module_preset=&#8221;default&#8221; text_font=&#8221;Arbutus Slab||||||||&#8221; text_text_color=&#8221;#6b260e&#8221; text_font_size=&#8221;24px&#8221; text_line_height=&#8221;1.8em&#8221; hover_enabled=&#8221;0&#8243; global_colors_info=&#8221;{}&#8221; sticky_enabled=&#8221;0&#8243;]<\/p>\n<p style=\"text-align: center;\">Koszt wynaj\u0119cia altany pod imprezy okoliczno\u015bciowe zaczyna si\u0119 od 1000z\u0142.<\/p>\n<p style=\"text-align: center;\">Szkolenia wycena indywidualna.\u00a0<\/p>\n<p style=\"text-align: center;\">\n<p>[\/et_pb_text][et_pb_image src=&#8221;https:\/\/wisniowygaj.pl\/wp-content\/uploads\/2024\/08\/wisniowy-gaj-wisnie.png&#8221; title_text=&#8221;wisniowy gaj wisnie&#8221; align=&#8221;center&#8221; _builder_version=&#8221;4.22.1&#8243; _module_preset=&#8221;default&#8221; global_colors_info=&#8221;{}&#8221;][\/et_pb_image][\/et_pb_column][\/et_pb_row][\/et_pb_section][et_pb_section fb_built=&#8221;1&#8243; _builder_version=&#8221;4.22.1&#8243; _module_preset=&#8221;default&#8221; custom_padding=&#8221;3px||0px|||&#8221; global_colors_info=&#8221;{}&#8221;][et_pb_row _builder_version=&#8221;4.22.1&#8243; _module_preset=&#8221;default&#8221; custom_padding=&#8221;23px|||||&#8221; global_colors_info=&#8221;{}&#8221;][et_pb_column type=&#8221;4_4&#8243; _builder_version=&#8221;4.22.1&#8243; _module_preset=&#8221;default&#8221; global_colors_info=&#8221;{}&#8221;][et_pb_text _builder_version=&#8221;4.22.1&#8243; _module_preset=&#8221;default&#8221; text_font=&#8221;Arbutus Slab||||||||&#8221; text_text_color=&#8221;#6b260e&#8221; text_font_size=&#8221;25px&#8221; global_colors_info=&#8221;{}&#8221;]<\/p>\n<p style=\"text-align: center;\">ZAREZERWUJ SW\u00d3J POBYT<\/p>\n<p>[\/et_pb_text][\/et_pb_column][\/et_pb_row][et_pb_row _builder_version=&#8221;4.22.1&#8243; _module_preset=&#8221;default&#8221; custom_margin=&#8221;-9px|auto||auto||&#8221; custom_padding=&#8221;||0px|||&#8221; global_colors_info=&#8221;{}&#8221;][et_pb_column type=&#8221;4_4&#8243; _builder_version=&#8221;4.22.1&#8243; _module_preset=&#8221;default&#8221; global_colors_info=&#8221;{}&#8221;][et_pb_code _builder_version=&#8221;4.22.1&#8243; _module_preset=&#8221;default&#8221; global_colors_info=&#8221;{}&#8221;]<iframe id=\"ra-reservation-form-v2-a7578e34b6fdfe74a59743a042279744\" style=\"width: 100%; height:100px; border: none; padding: 0;\" src=\"https:\/\/roomadmin.pl\/widget\/reservation-v2\/start?fh=39f617fe89e02a65993415748bacfc124d2a33d0&#038;style=%7B%22color_accent%22%3A%22%23A1195B%22%2C%22color_bg%22%3A%22%23FFFFFF%22%2C%22color_panel_header%22%3A%22%23FFFFFF%22%2C%22color_panel_body%22%3A%22%23FFFFFF%22%2C%22rounded_corners%22%3Atrue%7D&#038;filter=%7B%7D&#038;lang=pl\"><\/iframe> <script> try { (function () { var iframe = window.document.getElementById('ra-reservation-form-v2-a7578e34b6fdfe74a59743a042279744'); function raMessageReceiver(event) { if (iframe) { if (!event.data.sender || \"reservation-form-a7578e34b6fdfe74a59743a042279744\" !== event.data.sender) { return; } if (event.data.height) { iframe.style.height = (event.data.height + 10) + \"px\"; } if (event.data.event && event.data.event.name === \"widget.scrollup.requested\") { try { iframe.scrollIntoView({behavior: \"smooth\", block: \"start\"}); } catch (e) { } } if (event.data.event && event.data.event.name === \"reservation.submit.success\") { console.log(\"reservation.submit.success\", event.data.event.data.reservation); var moneyTotal = event.data.event.data.reservation.moneyTotal; \/* kwota rezerwacji wyra\u017cona w GROSZACH*\/ var id = event.data.event.data.reservation.id; \/*id rezerwacji*\/ } if (event.data.event && event.data.event.name === \"reservation.variant-search.start\") { \/*console.log(\"variant search started\"); *\/ } } } window.addEventListener(\"message\", raMessageReceiver, false); function setup() { try { iframe.contentWindow.postMessage({ location: window.location.toString(), setup: { autoHeight: true, senderName: \"reservation-form-a7578e34b6fdfe74a59743a042279744\" } }, \"*\"); } catch (e) { } } setInterval(setup, 1000); iframe.addEventListener(\"load\", setup); })(); } catch (e) { console.error(e); } <\/script><!-- [et_pb_line_break_holder] -->[\/et_pb_code][\/et_pb_column][\/et_pb_row][\/et_pb_section]<\/p>\n","protected":false},"excerpt":{"rendered":"<p>ZAKWATEROWANIE:Osoby doros\u0142e: 80z\u0142 Dzieci: do 2 lat: 20 z\u0142\u00a0od 2 &#8211; 5\u00a0\u00a0lat: 40z\u0142od 6 &#8211; 10 lat: 60z\u0142WY\u017bYWIENIE:\u015aniadanie: 30z\u0142 Obiadokolacja: 35z\u0142 Dzieci maj\u0105 rabat stosunkowo do wieku.\u00a0 PROGRAMY EDUKACYJNE:Od 70\u00a0z\u0142\u00a0do 90\u00a0z\u0142 w zale\u017cno\u015bci od: &#8211; liczby posi\u0142k\u00f3w &#8211; ilo\u015bci program\u00f3w &#8211; czasu pobytu grupy &#8211; pilotowania grupy WYNAJEM ALTANY NA IMPREZY I SZKOLENIA:Koszt wynaj\u0119cia altany [&hellip;]<\/p>\n","protected":false},"author":1,"featured_media":0,"parent":0,"menu_order":0,"comment_status":"closed","ping_status":"closed","template":"","meta":{"_et_pb_use_builder":"on","_et_pb_old_content":"","_et_gb_content_width":"","footnotes":""},"class_list":["post-327","page","type-page","status-publish","hentry"],"_links":{"self":[{"href":"https:\/\/wisniowygaj.pl\/index.php\/wp-json\/wp\/v2\/pages\/327","targetHints":{"allow":["GET"]}}],"collection":[{"href":"https:\/\/wisniowygaj.pl\/index.php\/wp-json\/wp\/v2\/pages"}],"about":[{"href":"https:\/\/wisniowygaj.pl\/index.php\/wp-json\/wp\/v2\/types\/page"}],"author":[{"embeddable":true,"href":"https:\/\/wisniowygaj.pl\/index.php\/wp-json\/wp\/v2\/users\/1"}],"replies":[{"embeddable":true,"href":"https:\/\/wisniowygaj.pl\/index.php\/wp-json\/wp\/v2\/comments?post=327"}],"version-history":[{"count":10,"href":"https:\/\/wisniowygaj.pl\/index.php\/wp-json\/wp\/v2\/pages\/327\/revisions"}],"predecessor-version":[{"id":597,"href":"https:\/\/wisniowygaj.pl\/index.php\/wp-json\/wp\/v2\/pages\/327\/revisions\/597"}],"wp:attachment":[{"href":"https:\/\/wisniowygaj.pl\/index.php\/wp-json\/wp\/v2\/media?parent=327"}],"curies":[{"name":"wp","href":"https:\/\/api.w.org\/{rel}","templated":true}]}}